{"id":8460,"date":"2022-03-16T04:40:23","date_gmt":"2022-03-16T02:40:23","guid":{"rendered":"https:\/\/halkidikitransfers.rodosinfo.gr\/halkidiki-transfers-terms\/"},"modified":"2026-03-19T11:07:37","modified_gmt":"2026-03-19T09:07:37","slug":"agb","status":"publish","type":"page","link":"https:\/\/halkidikitransfers.de\/de\/agb\/","title":{"rendered":"AGB"},"content":{"rendered":"\t\t<div data-elementor-type=\"wp-page\" data-elementor-id=\"8460\" class=\"elementor elementor-8460 elementor-35\">\n\t\t\t\t\r\n<div class=\"elementor-element elementor-element-c14f672 e-flex e-con-boxed e-con e-parent\" data-id=\"c14f672\" data-element_type=\"container\" data-e-type=\"container\">\n\t\t\t\t\t<div class=\"e-con-inner\">\n\t\t<div class=\"elementor-element elementor-element-3450572 e-con-full e-flex e-con e-child\" data-id=\"3450572\" data-element_type=\"container\" data-e-type=\"container\">\n\t\t<div class=\"elementor-element elementor-element-e7fcc6d e-con-full e-flex e-con e-child\" data-id=\"e7fcc6d\" data-element_type=\"container\" data-e-type=\"container\" data-settings=\"{&quot;background_background&quot;:&quot;classic&quot;}\">\n\t\t\t\t<div class=\"elementor-element elementor-element-1f7473f elementor-widget elementor-widget-tourmsectiontitle\" data-id=\"1f7473f\" data-element_type=\"widget\" data-e-type=\"widget\" data-widget_type=\"tourmsectiontitle.default\">\n\t\t\t\t<div class=\"elementor-widget-container\">\n\t\t\t\t\t\t\t<div class=\"title-area text-center \">\r\n\t\t\t<span class=\"sub-title \">Allgemeine Gesch\u00e4ftsbedingungen (AGB)<\/span>\t\t<\/div>\r\n\r\n\t\t\t\t\t<\/div>\n\t\t\t\t<\/div>\n\t\t\t\t<div class=\"elementor-element elementor-element-109d992 elementor-widget elementor-widget-text-editor\" data-id=\"109d992\" data-element_type=\"widget\" data-e-type=\"widget\" data-widget_type=\"text-editor.default\">\n\t\t\t\t\t\t\t\t\t<h5 data-start=\"241\" data-end=\"258\">1. Allgemeines<\/h5><p data-start=\"260\" data-end=\"490\">Diese Allgemeinen Gesch\u00e4ftsbedingungen regeln die Nutzung unserer Website sowie die von <strong data-start=\"348\" data-end=\"371\">Halkidiki Transfers<\/strong> angebotenen Transportdienstleistungen, einschlie\u00dflich Minivan-, Shuttle-, Privattransfer- und privaten Tourleistungen.<\/p><p data-start=\"492\" data-end=\"638\">Mit der Nutzung unserer Website oder der Buchung einer Dienstleistung best\u00e4tigen Sie, dass Sie diese AGB gelesen, verstanden und akzeptiert haben.<\/p><p data-start=\"640\" data-end=\"745\">Die offizielle Vertragssprache ist Englisch. Im Falle von Abweichungen hat die englische Fassung Vorrang.<\/p><hr data-start=\"747\" data-end=\"750\" \/><h5 data-start=\"752\" data-end=\"768\">2. Leistungen<\/h5><p data-start=\"770\" data-end=\"810\">Wir bieten folgende Dienstleistungen an:<\/p><p data-start=\"812\" data-end=\"1059\"><strong data-start=\"812\" data-end=\"833\">Private Transfers<\/strong><br data-start=\"833\" data-end=\"836\" \/>Transfers von und zum Flughafen Thessaloniki, H\u00e4fen, Hotels, Villen und privaten Unterk\u00fcnften. Die Preise gelten pro Fahrzeug. Der Fahrer trifft die Fahrg\u00e4ste am vereinbarten Abholort und bringt sie zum best\u00e4tigten Zielort.<\/p><p data-start=\"1061\" data-end=\"1254\"><strong data-start=\"1061\" data-end=\"1087\">Individuelle Transfers<\/strong><br data-start=\"1087\" data-end=\"1090\" \/>Sonderrouten, spezielle Fahrzeugtypen oder Fahrten mit mehreren Zwischenstopps sind auf Anfrage m\u00f6glich und k\u00f6nnen zus\u00e4tzlichen Bedingungen oder Kosten unterliegen.<\/p><p data-start=\"1256\" data-end=\"1353\"><strong data-start=\"1256\" data-end=\"1275\">Sammeltransfers<\/strong><br data-start=\"1275\" data-end=\"1278\" \/>Verf\u00fcgbar auf ausgew\u00e4hlten Strecken und Terminen. Preise gelten pro Person.<\/p><p data-start=\"1355\" data-end=\"1443\"><strong data-start=\"1355\" data-end=\"1384\">Touren &amp; Private Ausfl\u00fcge<\/strong><br data-start=\"1384\" data-end=\"1387\" \/>Preise gelten pro Person, sofern nicht anders angegeben.<\/p><hr data-start=\"1445\" data-end=\"1448\" \/><h5 data-start=\"1450\" data-end=\"1478\">3. Reservierung &amp; Zahlung<\/h5><h6 data-start=\"1480\" data-end=\"1491\">Buchung<\/h6><p data-start=\"1492\" data-end=\"1664\">Reservierungen k\u00f6nnen \u00fcber unsere Website, das Kontaktformular oder per E-Mail erfolgen.<br data-start=\"1580\" data-end=\"1583\" \/>Sie sind verpflichtet, korrekte und vollst\u00e4ndige Angaben zu machen, insbesondere:<\/p><ul data-start=\"1666\" data-end=\"1820\"><li data-start=\"1666\" data-end=\"1688\"><p data-start=\"1668\" data-end=\"1688\">Vollst\u00e4ndiger Name<\/p><\/li><li data-start=\"1689\" data-end=\"1705\"><p data-start=\"1691\" data-end=\"1705\">Kontaktdaten<\/p><\/li><li data-start=\"1706\" data-end=\"1728\"><p data-start=\"1708\" data-end=\"1728\">Abhol- und Zielort<\/p><\/li><li data-start=\"1729\" data-end=\"1750\"><p data-start=\"1731\" data-end=\"1750\">Datum und Uhrzeit<\/p><\/li><li data-start=\"1751\" data-end=\"1775\"><p data-start=\"1753\" data-end=\"1775\">Anzahl der Fahrg\u00e4ste<\/p><\/li><li data-start=\"1776\" data-end=\"1820\"><p data-start=\"1778\" data-end=\"1820\">Besondere Anforderungen (z. B. Kindersitz)<\/p><\/li><\/ul><h6 data-start=\"1822\" data-end=\"1845\">Buchungsbest\u00e4tigung<\/h6><p data-start=\"1846\" data-end=\"1964\">Eine Buchung gilt erst als verbindlich best\u00e4tigt, nachdem Sie eine schriftliche Best\u00e4tigung per E-Mail erhalten haben.<\/p><h6 data-start=\"1966\" data-end=\"1998\">Preise &amp; Zahlungsbedingungen<\/h6><p data-start=\"1999\" data-end=\"2120\">Die Preise richten sich nach Entfernung, Fahrtdauer, Anzahl der Personen, Gep\u00e4ckmenge sowie eventuellen Zusatzleistungen.<\/p><p data-start=\"2122\" data-end=\"2225\">Akzeptierte Zahlungsmethoden sind Kredit-\/Debitkarte oder Barzahlung gem\u00e4\u00df den Angaben auf der Website.<\/p><hr data-start=\"2227\" data-end=\"2230\" \/><h5 data-start=\"2232\" data-end=\"2244\">4. Gep\u00e4ck<\/h5><ul data-start=\"2246\" data-end=\"2502\"><li data-start=\"2246\" data-end=\"2317\"><p data-start=\"2248\" data-end=\"2317\">Jeder Fahrgast darf einen Koffer und ein Handgep\u00e4ckst\u00fcck mitf\u00fchren.<\/p><\/li><li data-start=\"2318\" data-end=\"2428\"><p data-start=\"2320\" data-end=\"2428\">Nicht angemeldetes oder \u00fcberm\u00e4\u00dfiges Gep\u00e4ck kann bei \u00dcberschreitung der Fahrzeugkapazit\u00e4t abgelehnt werden.<\/p><\/li><li data-start=\"2429\" data-end=\"2502\"><p data-start=\"2431\" data-end=\"2502\">F\u00fcr Verlust oder Besch\u00e4digung von Gep\u00e4ck wird keine Haftung \u00fcbernommen.<\/p><\/li><\/ul><hr data-start=\"2504\" data-end=\"2507\" \/><h5 data-start=\"2509\" data-end=\"2547\">5. Kinder &amp; besondere Anforderungen<\/h5><ul data-start=\"2549\" data-end=\"2829\"><li data-start=\"2549\" data-end=\"2622\"><p data-start=\"2551\" data-end=\"2622\">Kinder unter 12 Jahren m\u00fcssen von einem Erwachsenen begleitet werden.<\/p><\/li><li data-start=\"2623\" data-end=\"2719\"><p data-start=\"2625\" data-end=\"2719\">F\u00fcr Kinder bis 5 Jahre ist ein Kindersitz verpflichtend. Dieser z\u00e4hlt als eigener Sitzplatz.<\/p><\/li><li data-start=\"2720\" data-end=\"2829\"><p data-start=\"2722\" data-end=\"2829\">Besondere Anforderungen sind bei der Buchung anzugeben. Gegebenenfalls k\u00f6nnen zus\u00e4tzliche Kosten entstehen.<\/p><\/li><\/ul><hr data-start=\"2831\" data-end=\"2834\" \/><h5 data-start=\"2836\" data-end=\"2868\">6. \u00c4nderungen &amp; Stornierungen<\/h5><h6 data-start=\"2870\" data-end=\"2884\">\u00c4nderungen<\/h6><ul data-start=\"2886\" data-end=\"3087\"><li data-start=\"2886\" data-end=\"2982\"><p data-start=\"2888\" data-end=\"2982\">Bis zu zwei \u00c4nderungen mehr als 24 Stunden vor dem Transfer: kostenlos (nach Verf\u00fcgbarkeit).<\/p><\/li><li data-start=\"2983\" data-end=\"3025\"><p data-start=\"2985\" data-end=\"3025\">Weitere \u00c4nderungen: 10 \u20ac pro \u00c4nderung.<\/p><\/li><li data-start=\"3026\" data-end=\"3087\"><p data-start=\"3028\" data-end=\"3087\">\u00c4nderungen innerhalb von 24 Stunden vor dem Transfer: 20 \u20ac.<\/p><\/li><\/ul><h6 data-start=\"3089\" data-end=\"3106\">Stornierungen<\/h6><ul data-start=\"3108\" data-end=\"3351\"><li data-start=\"3108\" data-end=\"3179\"><p data-start=\"3110\" data-end=\"3179\">48 Stunden oder mehr vor dem Transfer: vollst\u00e4ndige R\u00fcckerstattung.<\/p><\/li><li data-start=\"3180\" data-end=\"3246\"><p data-start=\"3182\" data-end=\"3246\">Weniger als 48 Stunden vor dem Transfer: keine R\u00fcckerstattung.<\/p><\/li><li data-start=\"3247\" data-end=\"3351\"><p data-start=\"3249\" data-end=\"3351\">Stornierungen aufgrund h\u00f6herer Gewalt k\u00f6nnen bei entsprechendem Nachweis vollst\u00e4ndig erstattet werden.<\/p><\/li><\/ul><hr data-start=\"3353\" data-end=\"3356\" \/><h5 data-start=\"3358\" data-end=\"3391\">7. Wartezeit &amp; Nichterscheinen<\/h5><ul data-start=\"3393\" data-end=\"3608\"><li data-start=\"3393\" data-end=\"3463\"><p data-start=\"3395\" data-end=\"3463\">Flughafenabholungen: 60 Minuten kostenlose Wartezeit nach Landung.<\/p><\/li><li data-start=\"3464\" data-end=\"3518\"><p data-start=\"3466\" data-end=\"3518\">Andere Abholorte: 15 Minuten kostenlose Wartezeit.<\/p><\/li><li data-start=\"3519\" data-end=\"3608\"><p data-start=\"3521\" data-end=\"3608\">Nach Ablauf der kostenlosen Wartezeit werden 20 \u20ac pro angefangene 30 Minuten berechnet.<\/p><\/li><\/ul><p data-start=\"3610\" data-end=\"3691\">Der Fahrgast ist verpflichtet, uns unverz\u00fcglich \u00fcber Versp\u00e4tungen zu informieren.<\/p><p data-start=\"3693\" data-end=\"3847\">Erscheint der Fahrgast nicht oder werden falsche Abholdaten angegeben, gilt dies als \u201eNo-Show\u201c. In diesem Fall werden 50 % des Buchungsbetrages berechnet.<\/p><hr data-start=\"3849\" data-end=\"3852\" \/><h5 data-start=\"3854\" data-end=\"3870\">8. Sicherheit<\/h5><ul data-start=\"3872\" data-end=\"4212\"><li data-start=\"3872\" data-end=\"3936\"><p data-start=\"3874\" data-end=\"3936\">Alle Fahrzeuge sind ordnungsgem\u00e4\u00df lizenziert und versichert.<\/p><\/li><li data-start=\"3937\" data-end=\"4104\"><p data-start=\"3939\" data-end=\"4104\">Fahrg\u00e4ste unter Einfluss von Alkohol oder Drogen oder mit gef\u00e4hrdendem Verhalten k\u00f6nnen ohne Anspruch auf R\u00fcckerstattung von der Bef\u00f6rderung ausgeschlossen werden.<\/p><\/li><li data-start=\"4105\" data-end=\"4212\"><p data-start=\"4107\" data-end=\"4212\">Rauchen, Alkohol und Speisen sind im Fahrzeug nicht gestattet (ausgenommen verschlossene Wasserflaschen).<\/p><\/li><\/ul><hr data-start=\"4214\" data-end=\"4217\" \/><h5 data-start=\"4219\" data-end=\"4248\">9. Haftung &amp; Gerichtsstand<\/h5><ul data-start=\"4250\" data-end=\"4612\"><li data-start=\"4250\" data-end=\"4415\"><p data-start=\"4252\" data-end=\"4415\">F\u00fcr Verz\u00f6gerungen aufgrund h\u00f6herer Gewalt, Verkehrsbedingungen oder sonstiger au\u00dferhalb unseres Einflussbereichs liegender Umst\u00e4nde \u00fcbernehmen wir keine Haftung.<\/p><\/li><li data-start=\"4416\" data-end=\"4474\"><p data-start=\"4418\" data-end=\"4474\">Angegebene Fahrzeiten sind unverbindliche Sch\u00e4tzwerte.<\/p><\/li><li data-start=\"4475\" data-end=\"4612\"><p data-start=\"4477\" data-end=\"4612\">Wird ein best\u00e4tigter Transfer aus vom Unternehmen zu vertretenden Gr\u00fcnden nicht durchgef\u00fchrt, erfolgt eine vollst\u00e4ndige R\u00fcckerstattung.<\/p><\/li><\/ul><p data-start=\"4614\" data-end=\"4688\">Es gilt ausschlie\u00dflich griechisches Recht. Gerichtsstand ist Griechenland.<\/p><hr data-start=\"4690\" data-end=\"4693\" \/><h5 data-start=\"4695\" data-end=\"4714\">10. Urheberrecht<\/h5><p data-start=\"4716\" data-end=\"4880\">S\u00e4mtliche Inhalte dieser Website (Texte, Bilder, Logos, Design) sind geistiges Eigentum von Halkidiki Transfers oder dessen Partnern und urheberrechtlich gesch\u00fctzt.<\/p><hr data-start=\"4882\" data-end=\"4885\" \/><h5 data-start=\"4887\" data-end=\"4912\">11. \u00c4nderungen der AGB<\/h5><p data-start=\"4914\" data-end=\"5120\">Halkidiki Transfers beh\u00e4lt sich das Recht vor, diese AGB jederzeit zu \u00e4ndern.<br data-start=\"4991\" data-end=\"4994\" \/>\u00c4nderungen treten mit Ver\u00f6ffentlichung auf dieser Website in Kraft.<br data-start=\"5061\" data-end=\"5064\" \/>Nutzer werden gebeten, diese Seite regelm\u00e4\u00dfig zu pr\u00fcfen.<\/p><hr data-start=\"5122\" data-end=\"5125\" \/><h5 data-start=\"5127\" data-end=\"5145\">12. Datenschutz<\/h5><p data-start=\"5147\" data-end=\"5338\">Die Erhebung und Verarbeitung personenbezogener Daten erfolgt gem\u00e4\u00df unserer gesondert ver\u00f6ffentlichten Datenschutzerkl\u00e4rung und in \u00dcbereinstimmung mit der Datenschutz-Grundverordnung (DSGVO).<\/p>\t\t\t\t\t\t\t\t<\/div>\n\t\t\t\t<\/div>\n\t\t\t\t<\/div>\n\t\t\t\t\t<\/div>\n\t\t\t\t<\/div>\n\t\t\t\t<\/div>\n\t\t","protected":false},"excerpt":{"rendered":"<p>Allgemeine Gesch\u00e4ftsbedingungen (AGB) 1. Allgemeines Diese Allgemeinen Gesch\u00e4ftsbedingungen regeln die Nutzung unserer Website sowie die von Halkidiki Transfers angebotenen Transportdienstleistungen, einschlie\u00dflich Minivan-, Shuttle-, Privattransfer- und privaten Tourleistungen. Mit der Nutzung unserer Website oder der Buchung einer Dienstleistung best\u00e4tigen Sie, dass Sie diese AGB gelesen, verstanden und akzeptiert haben. Die offizielle Vertragssprache ist Englisch. Im Falle&#8230;<\/p>\n","protected":false},"author":1,"featured_media":0,"parent":0,"menu_order":0,"comment_status":"closed","ping_status":"closed","template":"","meta":{"_seopress_robots_primary_cat":"","_seopress_titles_title":"AGB | Halkidiki Transfers \u2013 Bedingungen f\u00fcr Transfers & Touren","_seopress_titles_desc":"Lesen Sie die Allgemeinen Gesch\u00e4ftsbedingungen von halkidikitransfers.de f\u00fcr private Transfers, Sammeltransfers und Touren in Halkidiki.","_seopress_robots_index":"","footnotes":""},"class_list":["post-8460","page","type-page","status-publish","hentry"],"_links":{"self":[{"href":"https:\/\/halkidikitransfers.de\/de\/wp-json\/wp\/v2\/pages\/8460","targetHints":{"allow":["GET"]}}],"collection":[{"href":"https:\/\/halkidikitransfers.de\/de\/wp-json\/wp\/v2\/pages"}],"about":[{"href":"https:\/\/halkidikitransfers.de\/de\/wp-json\/wp\/v2\/types\/page"}],"author":[{"embeddable":true,"href":"https:\/\/halkidikitransfers.de\/de\/wp-json\/wp\/v2\/users\/1"}],"replies":[{"embeddable":true,"href":"https:\/\/halkidikitransfers.de\/de\/wp-json\/wp\/v2\/comments?post=8460"}],"version-history":[{"count":7,"href":"https:\/\/halkidikitransfers.de\/de\/wp-json\/wp\/v2\/pages\/8460\/revisions"}],"predecessor-version":[{"id":8636,"href":"https:\/\/halkidikitransfers.de\/de\/wp-json\/wp\/v2\/pages\/8460\/revisions\/8636"}],"wp:attachment":[{"href":"https:\/\/halkidikitransfers.de\/de\/wp-json\/wp\/v2\/media?parent=8460"}],"curies":[{"name":"wp","href":"https:\/\/api.w.org\/{rel}","templated":true}]}}