{"id":8456,"date":"2026-02-16T08:40:47","date_gmt":"2026-02-16T08:40:47","guid":{"rendered":"https:\/\/halkidikitransfers.rodosinfo.gr\/privacy-policy\/"},"modified":"2026-02-24T21:46:25","modified_gmt":"2026-02-24T21:46:25","slug":"datenschutz","status":"publish","type":"page","link":"https:\/\/halkidikitransfers.de\/de\/datenschutz\/","title":{"rendered":"Datenschutz"},"content":{"rendered":"\t\t<div data-elementor-type=\"wp-page\" data-elementor-id=\"8456\" class=\"elementor elementor-8456 elementor-8157\">\n\t\t\t\t\r\n<div class=\"elementor-element elementor-element-2dabbcb5 e-flex e-con-boxed e-con e-parent\" data-id=\"2dabbcb5\" data-element_type=\"container\" data-e-type=\"container\">\n\t\t\t\t\t<div class=\"e-con-inner\">\n\t\t<div class=\"elementor-element elementor-element-2b2afc0 e-con-full e-flex e-con e-child\" data-id=\"2b2afc0\" data-element_type=\"container\" data-e-type=\"container\">\n\t\t\t\t<div class=\"elementor-element elementor-element-2b891c0 elementor-widget elementor-widget-text-editor\" data-id=\"2b891c0\" data-element_type=\"widget\" data-e-type=\"widget\" data-widget_type=\"text-editor.default\">\n\t\t\t\t\t\t\t\t\t<h4 data-start=\"143\" data-end=\"165\">Datenschutzerkl\u00e4rung<\/h4><p data-start=\"167\" data-end=\"431\">Bei <strong data-start=\"171\" data-end=\"196\">HalkidikiTransfers.de<\/strong> legen wir gro\u00dfen Wert auf den Schutz Ihrer pers\u00f6nlichen Daten. Die Verarbeitung Ihrer Daten erfolgt verantwortungsvoll und in \u00dcbereinstimmung mit den geltenden Datenschutzgesetzen, insbesondere der Datenschutz-Grundverordnung (DSGVO).<\/p><hr data-start=\"433\" data-end=\"436\" \/><h6 data-start=\"438\" data-end=\"476\">1. Erhebung personenbezogener Daten<\/h6><p data-start=\"478\" data-end=\"634\">Wir erheben ausschlie\u00dflich die personenbezogenen Daten, die f\u00fcr die Bearbeitung und Durchf\u00fchrung Ihrer Buchung erforderlich sind. Dazu geh\u00f6ren insbesondere:<\/p><ul data-start=\"636\" data-end=\"806\"><li data-start=\"636\" data-end=\"658\"><p data-start=\"638\" data-end=\"658\">Vollst\u00e4ndiger Name<\/p><\/li><li data-start=\"659\" data-end=\"695\"><p data-start=\"661\" data-end=\"695\">E-Mail-Adresse und Telefonnummer<\/p><\/li><li data-start=\"696\" data-end=\"718\"><p data-start=\"698\" data-end=\"718\">Abhol- und Zielort<\/p><\/li><li data-start=\"719\" data-end=\"764\"><p data-start=\"721\" data-end=\"764\">Datum, Uhrzeit sowie Anzahl der Fahrg\u00e4ste<\/p><\/li><li data-start=\"765\" data-end=\"806\"><p data-start=\"767\" data-end=\"806\">Zahlungsbest\u00e4tigung (sofern zutreffend)<\/p><\/li><\/ul><p data-start=\"808\" data-end=\"887\">Eine Erhebung oder Speicherung sensibler personenbezogener Daten erfolgt nicht.<\/p><hr data-start=\"889\" data-end=\"892\" \/><h6 data-start=\"894\" data-end=\"927\">2. Zweck der Datenverarbeitung<\/h6><p data-start=\"929\" data-end=\"1040\">Ihre Daten werden ausschlie\u00dflich zur Organisation und Durchf\u00fchrung Ihres Transfers oder Ihrer Tour verwendet.<\/p><p data-start=\"1042\" data-end=\"1088\">Insbesondere nutzen wir Ihre Kontaktdaten, um:<\/p><ul data-start=\"1090\" data-end=\"1218\"><li data-start=\"1090\" data-end=\"1120\"><p data-start=\"1092\" data-end=\"1120\">Ihre Buchung zu best\u00e4tigen<\/p><\/li><li data-start=\"1121\" data-end=\"1160\"><p data-start=\"1123\" data-end=\"1160\">Fahrerinformationen bereitzustellen<\/p><\/li><li data-start=\"1161\" data-end=\"1218\"><p data-start=\"1163\" data-end=\"1218\">Sie \u00fcber \u00c4nderungen oder Verz\u00f6gerungen zu informieren<\/p><\/li><\/ul><p data-start=\"1220\" data-end=\"1287\">Eine Weitergabe Ihrer Daten an Dritte erfolgt nicht, es sei denn,<\/p><ul data-start=\"1288\" data-end=\"1431\"><li data-start=\"1288\" data-end=\"1330\"><p data-start=\"1290\" data-end=\"1330\">sie ist gesetzlich vorgeschrieben oder<\/p><\/li><li data-start=\"1331\" data-end=\"1431\"><p data-start=\"1333\" data-end=\"1431\">sie ist zur Vertragserf\u00fcllung erforderlich (z. B. Zahlungsdienstleister oder Buchungsplattformen).<\/p><\/li><\/ul><hr data-start=\"1433\" data-end=\"1436\" \/><h6 data-start=\"1438\" data-end=\"1459\">3. Datensicherheit<\/h6><p data-start=\"1461\" data-end=\"1622\">Wir treffen angemessene technische und organisatorische Ma\u00dfnahmen, um Ihre personenbezogenen Daten vor Verlust, Missbrauch oder unbefugtem Zugriff zu sch\u00fctzen.<\/p><p data-start=\"1624\" data-end=\"1830\">Der Zugriff auf personenbezogene Daten ist ausschlie\u00dflich autorisierten Personen gestattet. Unsere Systeme und Prozesse entsprechen den aktuellen Datenschutzanforderungen und bew\u00e4hrten Sicherheitsstandards.<\/p><hr data-start=\"1832\" data-end=\"1835\" \/><h6 data-start=\"1837\" data-end=\"1858\">4. Dienste Dritter<\/h6><p data-start=\"1860\" data-end=\"2085\">Bestimmte Buchungen oder Zahlungsabwicklungen k\u00f6nnen \u00fcber vertrauensw\u00fcrdige Drittanbieter erfolgen. Diese Dienstleister unterliegen eigenen Datenschutzrichtlinien, die Sie bei Nutzung ihrer Dienste gesondert einsehen sollten.<\/p><hr data-start=\"2087\" data-end=\"2090\" \/><h6 data-start=\"2092\" data-end=\"2109\">5. Ihre Rechte<\/h6><p data-start=\"2111\" data-end=\"2157\">Sie haben im Rahmen der DSGVO folgende Rechte:<\/p><ul data-start=\"2159\" data-end=\"2361\"><li data-start=\"2159\" data-end=\"2211\"><p data-start=\"2161\" data-end=\"2211\">Recht auf Auskunft \u00fcber Ihre gespeicherten Daten<\/p><\/li><li data-start=\"2212\" data-end=\"2256\"><p data-start=\"2214\" data-end=\"2256\">Recht auf Berichtigung unrichtiger Daten<\/p><\/li><li data-start=\"2257\" data-end=\"2291\"><p data-start=\"2259\" data-end=\"2291\">Recht auf L\u00f6schung Ihrer Daten<\/p><\/li><li data-start=\"2292\" data-end=\"2361\"><p data-start=\"2294\" data-end=\"2361\">Recht auf Widerruf einer erteilten Einwilligung (sofern zutreffend)<\/p><\/li><\/ul><ul data-start=\"2586\" data-end=\"3004\"><li data-start=\"2847\" data-end=\"3004\"><p data-start=\"2849\" data-end=\"3004\">Mit der Inanspruchnahme unserer Dienstleistungen akzeptieren Sie unsere Allgemeinen Gesch\u00e4ftsbedingungen sowie diese Datenschutzerkl\u00e4rung in vollem Umfang.<\/p><h5 data-start=\"2463\" data-end=\"2483\">Haftungsausschluss<\/h5><p data-start=\"2485\" data-end=\"2584\">Mit der Nutzung unserer Dienstleistungen erkl\u00e4ren Sie sich mit folgenden Bedingungen einverstanden:<\/p><ul data-start=\"2586\" data-end=\"3004\"><li data-start=\"2586\" data-end=\"2658\"><p data-start=\"2588\" data-end=\"2658\">Alle Transfers erfolgen auf eigenes Risiko und eigene Verantwortung.<\/p><\/li><li data-start=\"2659\" data-end=\"2846\"><p data-start=\"2661\" data-end=\"2846\">Halkidiki Transfers haftet nicht f\u00fcr Verz\u00f6gerungen oder Vorf\u00e4lle, die durch Umst\u00e4nde au\u00dferhalb unseres Einflussbereichs entstehen (z. B. Verkehr, Wetterbedingungen, Flugversp\u00e4tungen).<\/p><\/li><li data-start=\"2847\" data-end=\"3004\"><p data-start=\"2849\" data-end=\"3004\">Mit der Inanspruchnahme unserer Dienstleistungen akzeptieren Sie unsere Allgemeinen Gesch\u00e4ftsbedingungen sowie diese Datenschutzerkl\u00e4rung in vollem Umfang.<\/p><\/li><\/ul><\/li><\/ul>\t\t\t\t\t\t\t\t<\/div>\n\t\t\t\t<\/div>\n\t\t\t\t\t<\/div>\n\t\t\t\t<\/div>\n\t\t\t\t<\/div>\n\t\t","protected":false},"excerpt":{"rendered":"<p>Datenschutzerkl\u00e4rung Bei HalkidikiTransfers.de legen wir gro\u00dfen Wert auf den Schutz Ihrer pers\u00f6nlichen Daten. Die Verarbeitung Ihrer Daten erfolgt verantwortungsvoll und in \u00dcbereinstimmung mit den geltenden Datenschutzgesetzen, insbesondere der Datenschutz-Grundverordnung (DSGVO). 1. Erhebung personenbezogener Daten Wir erheben ausschlie\u00dflich die personenbezogenen Daten, die f\u00fcr die Bearbeitung und Durchf\u00fchrung Ihrer Buchung erforderlich sind. Dazu geh\u00f6ren insbesondere: Vollst\u00e4ndiger Name&#8230;<\/p>\n","protected":false},"author":2,"featured_media":0,"parent":0,"menu_order":0,"comment_status":"closed","ping_status":"closed","template":"","meta":{"_seopress_robots_primary_cat":"","_seopress_titles_title":"Privacy Policy \u2013 Halkidiki Transfers Private Transfers from Thessaloniki","_seopress_titles_desc":"Discover how Halkidiki Transfers safeguards your personal information, booking data, and website usage details under EU GDPR privacy standards.","_seopress_robots_index":"","footnotes":""},"class_list":["post-8456","page","type-page","status-publish","hentry"],"_links":{"self":[{"href":"https:\/\/halkidikitransfers.de\/de\/wp-json\/wp\/v2\/pages\/8456","targetHints":{"allow":["GET"]}}],"collection":[{"href":"https:\/\/halkidikitransfers.de\/de\/wp-json\/wp\/v2\/pages"}],"about":[{"href":"https:\/\/halkidikitransfers.de\/de\/wp-json\/wp\/v2\/types\/page"}],"author":[{"embeddable":true,"href":"https:\/\/halkidikitransfers.de\/de\/wp-json\/wp\/v2\/users\/2"}],"replies":[{"embeddable":true,"href":"https:\/\/halkidikitransfers.de\/de\/wp-json\/wp\/v2\/comments?post=8456"}],"version-history":[{"count":5,"href":"https:\/\/halkidikitransfers.de\/de\/wp-json\/wp\/v2\/pages\/8456\/revisions"}],"predecessor-version":[{"id":8470,"href":"https:\/\/halkidikitransfers.de\/de\/wp-json\/wp\/v2\/pages\/8456\/revisions\/8470"}],"wp:attachment":[{"href":"https:\/\/halkidikitransfers.de\/de\/wp-json\/wp\/v2\/media?parent=8456"}],"curies":[{"name":"wp","href":"https:\/\/api.w.org\/{rel}","templated":true}]}}