
{"id":7368,"date":"2024-07-08T04:37:45","date_gmt":"2024-07-08T02:37:45","guid":{"rendered":"https:\/\/halkidikitransfers.rodosinfo.gr\/about-us-halkidiki-transfers-from-thessaloniki-airport\/"},"modified":"2026-02-19T21:25:05","modified_gmt":"2026-02-19T21:25:05","slug":"ueber-uns-halkidiki-transfers","status":"publish","type":"page","link":"https:\/\/halkidikitransfers.de\/de\/ueber-uns-halkidiki-transfers\/","title":{"rendered":"\u00dcber uns"},"content":{"rendered":"\t\t<div data-elementor-type=\"wp-page\" data-elementor-id=\"7368\" class=\"elementor elementor-7368 elementor-1277\">\n\t\t\t\t<div class=\"elementor-element elementor-element-ae0c789 e-flex e-con-boxed e-con e-parent\" data-id=\"ae0c789\" data-element_type=\"container\" data-e-type=\"container\">\n\t\t\t\t\t<div class=\"e-con-inner\">\n\t\t<div class=\"elementor-element elementor-element-61c8e33 e-flex e-con-boxed e-con e-child\" data-id=\"61c8e33\" data-element_type=\"container\" data-e-type=\"container\">\n\t\t\t\t\t<div class=\"e-con-inner\">\n\t\t\t\t<div class=\"elementor-element elementor-element-6cdc503 elementor-widget elementor-widget-heading\" data-id=\"6cdc503\" data-element_type=\"widget\" data-e-type=\"widget\" data-widget_type=\"heading.default\">\n\t\t\t\t\t<h1 class=\"elementor-heading-title elementor-size-default\">\u00dcber uns \u2013 Halkidiki Transfers<br><\/h1>\t\t\t\t<\/div>\n\t\t\t\t<div class=\"elementor-element elementor-element-9418acc elementor-widget elementor-widget-text-editor\" data-id=\"9418acc\" data-element_type=\"widget\" data-e-type=\"widget\" data-widget_type=\"text-editor.default\">\n\t\t\t\t\t\t\t\t\t<p>Halkidikitransfers.de ist ein Online-Buchungssystem, das auf private Transfers zum und vom Flughafen Thessaloniki (SKG) spezialisiert ist.<\/p>\t\t\t\t\t\t\t\t<\/div>\n\t\t\t\t\t<\/div>\n\t\t\t\t<\/div>\n\t\t<div class=\"elementor-element elementor-element-813364f e-flex e-con-boxed e-con e-child\" data-id=\"813364f\" data-element_type=\"container\" data-e-type=\"container\">\n\t\t\t\t\t<div class=\"e-con-inner\">\n\t\t<div class=\"elementor-element elementor-element-8d86713 e-con-full e-flex e-con e-child\" data-id=\"8d86713\" data-element_type=\"container\" data-e-type=\"container\">\n\t\t\t\t<div class=\"elementor-element elementor-element-0996238 elementor-widget elementor-widget-image\" data-id=\"0996238\" data-element_type=\"widget\" data-e-type=\"widget\" data-widget_type=\"image.default\">\n\t\t\t\t\t\t\t\t\t\t\t\t\t\t\t<img alt=\"\" fetchpriority=\"high\" decoding=\"async\" width=\"751\" height=\"422\" src=\"https:\/\/halkidikitransfers.de\/wp-content\/uploads\/2026\/02\/business-transfer-driver-minivan-halkidiki-1024x576.jpg\" class=\"attachment-large size-large wp-image-8207\" alt=\"\" srcset=\"https:\/\/halkidikitransfers.de\/wp-content\/uploads\/2026\/02\/business-transfer-driver-minivan-halkidiki-1024x576.jpg 1024w, https:\/\/halkidikitransfers.de\/wp-content\/uploads\/2026\/02\/business-transfer-driver-minivan-halkidiki-300x169.jpg 300w, https:\/\/halkidikitransfers.de\/wp-content\/uploads\/2026\/02\/business-transfer-driver-minivan-halkidiki-768x432.jpg 768w, https:\/\/halkidikitransfers.de\/wp-content\/uploads\/2026\/02\/business-transfer-driver-minivan-halkidiki-1536x864.jpg 1536w, https:\/\/halkidikitransfers.de\/wp-content\/uploads\/2026\/02\/business-transfer-driver-minivan-halkidiki.jpg 1600w\" sizes=\"(max-width: 751px) 100vw, 751px\" \/>\t\t\t\t\t\t\t\t\t\t\t\t\t\t\t<\/div>\n\t\t\t\t<div class=\"elementor-element elementor-element-ed96ecd elementor-widget elementor-widget-image\" data-id=\"ed96ecd\" data-element_type=\"widget\" data-e-type=\"widget\" data-widget_type=\"image.default\">\n\t\t\t\t\t\t\t\t\t\t\t\t\t\t\t<img decoding=\"async\" width=\"751\" height=\"501\" src=\"https:\/\/halkidikitransfers.de\/wp-content\/uploads\/2026\/02\/halkidikitransfers-7-1024x683.png\" class=\"attachment-large size-large wp-image-8208\" alt=\"shared transfer sarti\" srcset=\"https:\/\/halkidikitransfers.de\/wp-content\/uploads\/2026\/02\/halkidikitransfers-7-1024x683.png 1024w, https:\/\/halkidikitransfers.de\/wp-content\/uploads\/2026\/02\/halkidikitransfers-7-300x200.png 300w, https:\/\/halkidikitransfers.de\/wp-content\/uploads\/2026\/02\/halkidikitransfers-7-768x512.png 768w, https:\/\/halkidikitransfers.de\/wp-content\/uploads\/2026\/02\/halkidikitransfers-7.png 1536w\" sizes=\"(max-width: 751px) 100vw, 751px\" \/>\t\t\t\t\t\t\t\t\t\t\t\t\t\t\t<\/div>\n\t\t\t\t<div class=\"elementor-element elementor-element-6e62d80 elementor-widget elementor-widget-image\" data-id=\"6e62d80\" data-element_type=\"widget\" data-e-type=\"widget\" data-widget_type=\"image.default\">\n\t\t\t\t\t\t\t\t\t\t\t\t\t\t\t<img alt=\"\" decoding=\"async\" width=\"751\" height=\"422\" src=\"https:\/\/halkidikitransfers.de\/wp-content\/uploads\/2026\/02\/halkidiki-transfer-van-branding-1024x576.jpg\" class=\"attachment-large size-large wp-image-8209\" alt=\"\" srcset=\"https:\/\/halkidikitransfers.de\/wp-content\/uploads\/2026\/02\/halkidiki-transfer-van-branding-1024x576.jpg 1024w, https:\/\/halkidikitransfers.de\/wp-content\/uploads\/2026\/02\/halkidiki-transfer-van-branding-300x169.jpg 300w, https:\/\/halkidikitransfers.de\/wp-content\/uploads\/2026\/02\/halkidiki-transfer-van-branding-768x432.jpg 768w, https:\/\/halkidikitransfers.de\/wp-content\/uploads\/2026\/02\/halkidiki-transfer-van-branding-1536x864.jpg 1536w, https:\/\/halkidikitransfers.de\/wp-content\/uploads\/2026\/02\/halkidiki-transfer-van-branding.jpg 1600w\" sizes=\"(max-width: 751px) 100vw, 751px\" \/>\t\t\t\t\t\t\t\t\t\t\t\t\t\t\t<\/div>\n\t\t\t\t<\/div>\n\t\t<div class=\"elementor-element elementor-element-a7308ea e-con-full e-flex e-con e-child\" data-id=\"a7308ea\" data-element_type=\"container\" data-e-type=\"container\">\n\t\t\t\t<div class=\"elementor-element elementor-element-0eb2e2f elementor-widget elementor-widget-text-editor\" data-id=\"0eb2e2f\" data-element_type=\"widget\" data-e-type=\"widget\" data-widget_type=\"text-editor.default\">\n\t\t\t\t\t\t\t\t\t<h3 data-start=\"88\" data-end=\"107\"><strong data-start=\"91\" data-end=\"107\">Wer wir sind<\/strong><\/h3><p data-start=\"109\" data-end=\"481\"><strong data-start=\"109\" data-end=\"126\">Sithon Travel<\/strong>, gegr\u00fcndet im Jahr <strong data-start=\"146\" data-end=\"154\">1989<\/strong>, ist ein hochspezialisiertes Reiseb\u00fcro mit langj\u00e4hriger Erfahrung im <strong data-start=\"224\" data-end=\"246\">Incoming-Tourismus<\/strong>.<br data-start=\"247\" data-end=\"250\" \/>Wir bieten <strong data-start=\"261\" data-end=\"297\">ma\u00dfgeschneiderte Reiseleistungen<\/strong>, Unterk\u00fcnfte in <strong data-start=\"314\" data-end=\"339\">Hotels und Apartments<\/strong>, <strong data-start=\"341\" data-end=\"360\">Privattransfers<\/strong>, <strong data-start=\"362\" data-end=\"374\">Ausfl\u00fcge<\/strong> sowie <strong data-start=\"381\" data-end=\"397\">Kreuzfahrten<\/strong> \u2013 stets mit Fokus auf <strong data-start=\"420\" data-end=\"480\">Qualit\u00e4t, Zuverl\u00e4ssigkeit und pers\u00f6nlichen Kundenservice<\/strong>.<\/p><p data-start=\"483\" data-end=\"975\">Im Rahmen unseres Anspruchs an <strong data-start=\"514\" data-end=\"555\">hochwertige Transportdienstleistungen<\/strong> fungiert <strong data-start=\"565\" data-end=\"588\">Halkidiki Transfers<\/strong> als dedizierte <strong data-start=\"604\" data-end=\"650\">Online-Buchungsplattform von Sithon Travel<\/strong> und ist auf <strong data-start=\"663\" data-end=\"773\">private Transfers zwischen dem Flughafen Thessaloniki (SKG) und den beliebtesten Reisezielen in Chalkidiki<\/strong> spezialisiert.<br data-start=\"788\" data-end=\"791\" \/>Gest\u00fctzt auf <strong data-start=\"804\" data-end=\"842\">jahrzehntelange Tourismuserfahrung<\/strong> ist es unsere Mission, jedem Reisenden in <strong data-start=\"885\" data-end=\"905\">Nordgriechenland<\/strong> eine <strong data-start=\"911\" data-end=\"964\" data-is-only-node=\"\">sichere, zuverl\u00e4ssige und komfortable Bef\u00f6rderung<\/strong> zu bieten.<\/p><p data-start=\"977\" data-end=\"1377\">Wir arbeiten mit <strong data-start=\"994\" data-end=\"1035\">professionellen, lizenzierten Fahrern<\/strong> zusammen und verf\u00fcgen \u00fcber eine <strong data-start=\"1068\" data-end=\"1120\">sorgf\u00e4ltig ausgew\u00e4hlte Flotte moderner Fahrzeuge<\/strong>, um <strong data-start=\"1125\" data-end=\"1204\">p\u00fcnktliche Abholungen, angenehme Fahrten und konstant hohe Servicestandards<\/strong> zu gew\u00e4hrleisten.<br data-start=\"1222\" data-end=\"1225\" \/>Ob <strong data-start=\"1228\" data-end=\"1285\">allein, mit der Familie oder in einer gr\u00f6\u00dferen Gruppe<\/strong> \u2013 unsere <strong data-start=\"1295\" data-end=\"1325\">flexiblen Transferl\u00f6sungen<\/strong> werden individuell auf Ihre Bed\u00fcrfnisse abgestimmt.<\/p>\t\t\t\t\t\t\t\t<\/div>\n\t\t\t\t<div class=\"elementor-element elementor-element-8488ff9 elementor-widget elementor-widget-text-editor\" data-id=\"8488ff9\" data-element_type=\"widget\" data-e-type=\"widget\" data-widget_type=\"text-editor.default\">\n\t\t\t\t\t\t\t\t\t<h3 data-start=\"88\" data-end=\"118\"><strong data-start=\"91\" data-end=\"118\">Unsere Fahrzeugoptionen<\/strong><\/h3><h6 data-start=\"120\" data-end=\"166\"><strong data-start=\"124\" data-end=\"164\">Taxi \/ SUV (bis zu 4 Fahrg\u00e4ste)<\/strong><\/h6><p data-start=\"167\" data-end=\"321\">Eine <strong data-start=\"172\" data-end=\"207\">komfortable und effiziente Wahl<\/strong> f\u00fcr Einzelreisende, Paare oder kleine Familien \u2013 mit <strong data-start=\"261\" data-end=\"320\">Privatsph\u00e4re, Bequemlichkeit und einer angenehmen Fahrt<\/strong>.<\/p><h6 data-start=\"323\" data-end=\"356\"><strong data-start=\"327\" data-end=\"354\">Minivan (5\u20136 Fahrg\u00e4ste)<\/strong><\/h6><p data-start=\"357\" data-end=\"519\">Ideal f\u00fcr <strong data-start=\"367\" data-end=\"399\">Familien oder kleine Gruppen<\/strong>, die <strong data-start=\"405\" data-end=\"432\">zus\u00e4tzlichen Gep\u00e4ckraum<\/strong> ben\u00f6tigen und gleichzeitig eine <strong data-start=\"465\" data-end=\"501\">entspannte und komfortable Reise<\/strong> genie\u00dfen m\u00f6chten.<\/p><h6 data-start=\"521\" data-end=\"554\"><strong data-start=\"525\" data-end=\"552\">Minivan (7\u20138 Fahrg\u00e4ste)<\/strong><\/h6><p data-start=\"555\" data-end=\"699\">Die perfekte L\u00f6sung f\u00fcr <strong data-start=\"579\" data-end=\"612\">gr\u00f6\u00dfere Familien oder Gruppen<\/strong>, die <strong data-start=\"618\" data-end=\"683\">gemeinsam in einem ger\u00e4umigen und gut ausgestatteten Fahrzeug<\/strong> reisen m\u00f6chten.<\/p><h6 data-start=\"701\" data-end=\"757\"><strong data-start=\"705\" data-end=\"755\">Kombination aus Minivan &amp; SUV (9\u201312 Fahrg\u00e4ste)<\/strong><\/h6><p data-start=\"758\" data-end=\"947\">Eine <strong data-start=\"763\" data-end=\"806\">flexible Option f\u00fcr mittelgro\u00dfe Gruppen<\/strong>, bei der mehrere koordinierte Fahrzeuge eingesetzt werden, um <strong data-start=\"869\" data-end=\"929\">Komfort, P\u00fcnktlichkeit und reibungslose Gruppentransfers<\/strong> zu gew\u00e4hrleisten.<\/p><h6 data-start=\"949\" data-end=\"984\"><strong data-start=\"953\" data-end=\"982\">Minibus (13\u201316 Fahrg\u00e4ste)<\/strong><\/h6><p data-start=\"985\" data-end=\"1129\">Die <strong data-start=\"989\" data-end=\"1064\">optimale Wahl f\u00fcr gro\u00dfe Gruppen, Gesch\u00e4ftsreisen oder besondere Anl\u00e4sse<\/strong>, damit <strong data-start=\"1072\" data-end=\"1128\">alle sicher, bequem und p\u00fcnktlich gemeinsam ankommen<\/strong>.<\/p>\t\t\t\t\t\t\t\t<\/div>\n\t\t\t\t<\/div>\n\t\t\t\t\t<\/div>\n\t\t\t\t<\/div>\n\t\t\t\t\t<\/div>\n\t\t\t\t<\/div>\n\t\t\t\t<\/div>\n\t\t","protected":false},"excerpt":{"rendered":"<p>\u00dcber uns \u2013 Halkidiki Transfers Halkidikitransfers.de ist ein Online-Buchungssystem, das auf private Transfers zum und vom Flughafen Thessaloniki (SKG) spezialisiert ist. Wer wir sind Sithon Travel, gegr\u00fcndet im Jahr 1989, ist ein hochspezialisiertes Reiseb\u00fcro mit langj\u00e4hriger Erfahrung im Incoming-Tourismus.Wir bieten ma\u00dfgeschneiderte Reiseleistungen, Unterk\u00fcnfte in Hotels und Apartments, Privattransfers, Ausfl\u00fcge sowie Kreuzfahrten \u2013 stets mit Fokus&#8230;<\/p>\n","protected":false},"author":1,"featured_media":8232,"parent":0,"menu_order":0,"comment_status":"closed","ping_status":"closed","template":"template-builder.php","meta":{"_seopress_robots_primary_cat":"","_seopress_titles_title":"\u00dcber uns | Halkidiki Transfers ab Flughafen Thessaloniki","_seopress_titles_desc":"Erfahren Sie mehr \u00fcber HalkidikiTransfers.de \u2013 Ihr Experte f\u00fcr private und gemeinsame Transfers vom Flughafen Thessaloniki nach Halkidiki. Sicher, p\u00fcnktlich & zuverl\u00e4ssig.","_seopress_robots_index":"","footnotes":""},"class_list":["post-7368","page","type-page","status-publish","has-post-thumbnail","hentry"],"_links":{"self":[{"href":"https:\/\/halkidikitransfers.de\/de\/wp-json\/wp\/v2\/pages\/7368","targetHints":{"allow":["GET"]}}],"collection":[{"href":"https:\/\/halkidikitransfers.de\/de\/wp-json\/wp\/v2\/pages"}],"about":[{"href":"https:\/\/halkidikitransfers.de\/de\/wp-json\/wp\/v2\/types\/page"}],"author":[{"embeddable":true,"href":"https:\/\/halkidikitransfers.de\/de\/wp-json\/wp\/v2\/users\/1"}],"replies":[{"embeddable":true,"href":"https:\/\/halkidikitransfers.de\/de\/wp-json\/wp\/v2\/comments?post=7368"}],"version-history":[{"count":19,"href":"https:\/\/halkidikitransfers.de\/de\/wp-json\/wp\/v2\/pages\/7368\/revisions"}],"predecessor-version":[{"id":8429,"href":"https:\/\/halkidikitransfers.de\/de\/wp-json\/wp\/v2\/pages\/7368\/revisions\/8429"}],"wp:featuredmedia":[{"embeddable":true,"href":"https:\/\/halkidikitransfers.de\/de\/wp-json\/wp\/v2\/media\/8232"}],"wp:attachment":[{"href":"https:\/\/halkidikitransfers.de\/de\/wp-json\/wp\/v2\/media?parent=7368"}],"curies":[{"name":"wp","href":"https:\/\/api.w.org\/{rel}","templated":true}]}}