{"id":7351,"date":"2024-07-08T11:40:55","date_gmt":"2024-07-08T09:40:55","guid":{"rendered":"https:\/\/halkidikitransfers.rodosinfo.gr\/faq\/"},"modified":"2026-03-19T10:23:37","modified_gmt":"2026-03-19T08:23:37","slug":"faq-halkidiki-transfers","status":"publish","type":"page","link":"https:\/\/halkidikitransfers.de\/de\/faq-halkidiki-transfers\/","title":{"rendered":"H\u00e4ufig gestellte Fragen (FAQ)"},"content":{"rendered":"\t\t<div data-elementor-type=\"wp-page\" data-elementor-id=\"7351\" class=\"elementor elementor-7351 elementor-1430\">\n\t\t\t\t\r\n<div class=\"elementor-element elementor-element-9289b74 e-con-full e-flex e-con e-parent\" data-id=\"9289b74\" data-element_type=\"container\" data-e-type=\"container\" data-settings=\"{&quot;background_background&quot;:&quot;classic&quot;}\">\n\t\t<div class=\"elementor-element elementor-element-047896d e-flex e-con-boxed e-con e-child\" data-id=\"047896d\" data-element_type=\"container\" data-e-type=\"container\">\n\t\t\t\t\t<div class=\"e-con-inner\">\n\t\t\t\t<div class=\"elementor-element elementor-element-3be7d4d elementor-widget elementor-widget-heading\" data-id=\"3be7d4d\" data-element_type=\"widget\" data-e-type=\"widget\" data-widget_type=\"heading.default\">\n\t\t\t\t\t<h3 class=\"elementor-heading-title elementor-size-default\">Haben Sie Fragen zu halkidikitransfers.de? Wir sind gerne f\u00fcr Sie da!<br><br><\/h3>\t\t\t\t<\/div>\n\t\t\t\t<div class=\"elementor-element elementor-element-a1f1686 elementor-widget elementor-widget-tourmfaq\" data-id=\"a1f1686\" data-element_type=\"widget\" data-e-type=\"widget\" data-widget_type=\"tourmfaq.default\">\n\t\t\t\t<div class=\"elementor-widget-container\">\n\t\t\t\t\t<div class=\"accordion\" id=\"faqAccordion1\"><div class=\"accordion-card active style2\"><div class=\"accordion-header\" id=\"collapse-item-69ea45503e162\"><button class=\"accordion-button \" type=\"button\" data-bs-toggle=\"collapse\" data-bs-target=\"#collapse-69ea45503e162\" aria-expanded=\"true\" aria-controls=\"collapse-69ea45503e162\">Welche Reiseziele in Chalkidiki bedienen wir?<\/button><\/div><div id=\"collapse-69ea45503e162\" class=\"accordion-collapse collapse show\" aria-labelledby=\"collapse-item-69ea45503e162\" data-bs-parent=\"#faqAccordion1\"><div class=\"accordion-body style2\"><p class=\"faq-text\"><p>Wir bieten Transfers zu allen wichtigen Reisezielen in Chalkidiki, darunter Kassandra, Sithonia und die Region rund um den Berg Athos, sowie zu beliebten Resorts, Hotels, Villen und privaten Unterk\u00fcnften in der gesamten Region.<\/p><\/p><\/div><\/div><\/div><div class=\"accordion-card  style2\"><div class=\"accordion-header\" id=\"collapse-item-69ea45503e1bb\"><button class=\"accordion-button collapsed\" type=\"button\" data-bs-toggle=\"collapse\" data-bs-target=\"#collapse-69ea45503e1bb\" aria-expanded=\"false\" aria-controls=\"collapse-69ea45503e1bb\">Wie kann ich einen Transfer bei halkidikitransfers.de buchen?<\/button><\/div><div id=\"collapse-69ea45503e1bb\" class=\"accordion-collapse collapse \" aria-labelledby=\"collapse-item-69ea45503e1bb\" data-bs-parent=\"#faqAccordion1\"><div class=\"accordion-body style2\"><p class=\"faq-text\"><p><strong data-start=\"88\" data-end=\"213\">Sie k\u00f6nnen Ihren Transfer direkt \u00fcber unsere Website, per E-Mail oder durch Kontaktaufnahme \u00fcber WhatsApp \/ Viber buchen.<\/strong><br data-start=\"213\" data-end=\"216\" \/>Wir empfehlen eine <strong data-start=\"235\" data-end=\"258\">fr\u00fchzeitige Buchung<\/strong>, um die Verf\u00fcgbarkeit sicherzustellen \u2013 insbesondere w\u00e4hrend der <strong data-start=\"324\" data-end=\"338\">Hochsaison<\/strong>.<\/p><\/p><\/div><\/div><\/div><div class=\"accordion-card  style2\"><div class=\"accordion-header\" id=\"collapse-item-69ea45503e24a\"><button class=\"accordion-button collapsed\" type=\"button\" data-bs-toggle=\"collapse\" data-bs-target=\"#collapse-69ea45503e24a\" aria-expanded=\"false\" aria-controls=\"collapse-69ea45503e24a\">Welche Informationen ben\u00f6tigen wir f\u00fcr die Buchung?<\/button><\/div><div id=\"collapse-69ea45503e24a\" class=\"accordion-collapse collapse \" aria-labelledby=\"collapse-item-69ea45503e24a\" data-bs-parent=\"#faqAccordion1\"><div class=\"accordion-body style2\"><p class=\"faq-text\"><p data-start=\"88\" data-end=\"123\"><strong data-start=\"88\" data-end=\"123\">Wir ben\u00f6tigen folgende Angaben:<\/strong><\/p><ul data-start=\"125\" data-end=\"318\"><li data-start=\"125\" data-end=\"151\"><p data-start=\"127\" data-end=\"151\"><strong data-start=\"127\" data-end=\"149\">Abhol- und Zielort<\/strong><\/p><\/li><li data-start=\"152\" data-end=\"177\"><p data-start=\"154\" data-end=\"177\"><strong data-start=\"154\" data-end=\"175\">Datum und Uhrzeit<\/strong><\/p><\/li><li data-start=\"178\" data-end=\"224\"><p data-start=\"180\" data-end=\"224\"><strong data-start=\"180\" data-end=\"194\">Flugnummer<\/strong> (bei Abholung am Flughafen)<\/p><\/li><li data-start=\"225\" data-end=\"253\"><p data-start=\"227\" data-end=\"253\"><strong data-start=\"227\" data-end=\"251\">Anzahl der Fahrg\u00e4ste<\/strong><\/p><\/li><li data-start=\"254\" data-end=\"318\"><p data-start=\"256\" data-end=\"318\"><strong data-start=\"256\" data-end=\"277\">Besondere W\u00fcnsche<\/strong> (z. B. Kindersitze, zus\u00e4tzliches Gep\u00e4ck)<\/p><\/li><\/ul><\/p><\/div><\/div><\/div><div class=\"accordion-card  style2\"><div class=\"accordion-header\" id=\"collapse-item-69ea45503e38c\"><button class=\"accordion-button collapsed\" type=\"button\" data-bs-toggle=\"collapse\" data-bs-target=\"#collapse-69ea45503e38c\" aria-expanded=\"false\" aria-controls=\"collapse-69ea45503e38c\">Bieten Sie Sammeltransfers vom Flughafen Thessaloniki nach Halkidiki an?<\/button><\/div><div id=\"collapse-69ea45503e38c\" class=\"accordion-collapse collapse \" aria-labelledby=\"collapse-item-69ea45503e38c\" data-bs-parent=\"#faqAccordion1\"><div class=\"accordion-body style2\"><p class=\"faq-text\"><p><strong data-start=\"88\" data-end=\"195\">Ja, wir bieten Sammeltransfers vom Flughafen Thessaloniki zu ausgew\u00e4hlten Reisezielen in Chalkidiki an.<\/strong><br data-start=\"195\" data-end=\"198\" \/>Sammelfahrten sind eine <strong data-start=\"222\" data-end=\"252\">kosteng\u00fcnstige Alternative<\/strong> und verkehren nach <strong data-start=\"272\" data-end=\"306\">festgelegten Routen und Zeiten<\/strong>.<\/p><\/p><\/div><\/div><\/div><div class=\"accordion-card  style2\"><div class=\"accordion-header\" id=\"collapse-item-69ea45503e3f5\"><button class=\"accordion-button collapsed\" type=\"button\" data-bs-toggle=\"collapse\" data-bs-target=\"#collapse-69ea45503e3f5\" aria-expanded=\"false\" aria-controls=\"collapse-69ea45503e3f5\">Kann ich meinen R\u00fccktransfer im Voraus buchen? Bieten Sie einen Rabatt f\u00fcr Hin- und R\u00fcckfahrt an?<\/button><\/div><div id=\"collapse-69ea45503e3f5\" class=\"accordion-collapse collapse \" aria-labelledby=\"collapse-item-69ea45503e3f5\" data-bs-parent=\"#faqAccordion1\"><div class=\"accordion-body style2\"><p class=\"faq-text\"><p><strong data-start=\"88\" data-end=\"194\">Selbstverst\u00e4ndlich. Sie k\u00f6nnen sowohl Ihren Ankunfts- als auch Ihren R\u00fccktransfer gleichzeitig buchen.<\/strong><br data-start=\"194\" data-end=\"197\" \/>Wir empfehlen dies f\u00fcr <strong data-start=\"220\" data-end=\"266\">maximale Sicherheit und entspanntes Reisen<\/strong>.<br data-start=\"267\" data-end=\"270\" \/>Au\u00dferdem k\u00f6nnen Sie bei der Buchung eines <strong data-start=\"312\" data-end=\"353\">Hin- und R\u00fccktransfers \u20ac20\u2013\u20ac40 sparen<\/strong>.<\/p><\/p><\/div><\/div><\/div><div class=\"accordion-card  style2\"><div class=\"accordion-header\" id=\"collapse-item-69ea45503e465\"><button class=\"accordion-button collapsed\" type=\"button\" data-bs-toggle=\"collapse\" data-bs-target=\"#collapse-69ea45503e465\" aria-expanded=\"false\" aria-controls=\"collapse-69ea45503e465\">Wie finde ich meinen Fahrer am Flughafen?<\/button><\/div><div id=\"collapse-69ea45503e465\" class=\"accordion-collapse collapse \" aria-labelledby=\"collapse-item-69ea45503e465\" data-bs-parent=\"#faqAccordion1\"><div class=\"accordion-body style2\"><p class=\"faq-text\"><p><strong data-start=\"88\" data-end=\"204\">Ihr Fahrer erwartet Sie im Ankunftsbereich des Flughafens Thessaloniki mit einem Schild, auf dem Ihr Name steht.<\/strong><br data-start=\"204\" data-end=\"207\" \/>Wir \u00fcberwachen au\u00dferdem Ihren Flug, sodass <strong data-start=\"250\" data-end=\"296\">bei Versp\u00e4tungen keine zus\u00e4tzlichen Kosten<\/strong> entstehen.<\/p><\/p><\/div><\/div><\/div><div class=\"accordion-card  style2\"><div class=\"accordion-header\" id=\"collapse-item-69ea45503e4b5\"><button class=\"accordion-button collapsed\" type=\"button\" data-bs-toggle=\"collapse\" data-bs-target=\"#collapse-69ea45503e4b5\" aria-expanded=\"false\" aria-controls=\"collapse-69ea45503e4b5\">Welche Nachtzeiten gelten bei Ihnen und fallen zus\u00e4tzliche Kosten an?<\/button><\/div><div id=\"collapse-69ea45503e4b5\" class=\"accordion-collapse collapse \" aria-labelledby=\"collapse-item-69ea45503e4b5\" data-bs-parent=\"#faqAccordion1\"><div class=\"accordion-body style2\"><p class=\"faq-text\"><p><strong data-start=\"88\" data-end=\"142\">Unsere Nachtzeiten gelten von 00:30 bis 04:30 Uhr.<\/strong><br data-start=\"142\" data-end=\"145\" \/>F\u00fcr Fahrten au\u00dferhalb der regul\u00e4ren Zeiten f\u00e4llt ein <strong data-start=\"198\" data-end=\"218\">Aufpreis von \u20ac20<\/strong> an.<\/p><\/p><\/div><\/div><\/div><div class=\"accordion-card  style2\"><div class=\"accordion-header\" id=\"collapse-item-69ea45503e506\"><button class=\"accordion-button collapsed\" type=\"button\" data-bs-toggle=\"collapse\" data-bs-target=\"#collapse-69ea45503e506\" aria-expanded=\"false\" aria-controls=\"collapse-69ea45503e506\">Was passiert, wenn sich mein Flug versp\u00e4tet?<\/button><\/div><div id=\"collapse-69ea45503e506\" class=\"accordion-collapse collapse \" aria-labelledby=\"collapse-item-69ea45503e506\" data-bs-parent=\"#faqAccordion1\"><div class=\"accordion-body style2\"><p class=\"faq-text\"><p><strong data-start=\"88\" data-end=\"144\">Kein Problem \u2013 wir verfolgen alle Fl\u00fcge in Echtzeit.<\/strong><br data-start=\"144\" data-end=\"147\" \/>Ihr Fahrer wird <strong data-start=\"163\" data-end=\"201\">auch bei einer versp\u00e4teten Landung<\/strong> vor Ort sein.<br data-start=\"215\" data-end=\"218\" \/>F\u00fcr <strong data-start=\"222\" data-end=\"286\">angemessene Versp\u00e4tungen entstehen keine zus\u00e4tzlichen Kosten<\/strong>.<\/p><\/p><\/div><\/div><\/div><div class=\"accordion-card  style2\"><div class=\"accordion-header\" id=\"collapse-item-69ea45503e575\"><button class=\"accordion-button collapsed\" type=\"button\" data-bs-toggle=\"collapse\" data-bs-target=\"#collapse-69ea45503e575\" aria-expanded=\"false\" aria-controls=\"collapse-69ea45503e575\">Welche Fahrzeugtypen bieten Sie an?<\/button><\/div><div id=\"collapse-69ea45503e575\" class=\"accordion-collapse collapse \" aria-labelledby=\"collapse-item-69ea45503e575\" data-bs-parent=\"#faqAccordion1\"><div class=\"accordion-body style2\"><p class=\"faq-text\"><p>\u00a0<\/p><p data-start=\"88\" data-end=\"122\"><strong data-start=\"88\" data-end=\"122\">Unsere Fahrzeugflotte umfasst:<\/strong><\/p><ul data-start=\"124\" data-end=\"242\"><li data-start=\"124\" data-end=\"166\"><p data-start=\"126\" data-end=\"166\"><strong data-start=\"126\" data-end=\"148\">Sedan Auto oder SUV<\/strong> (1\u20134 Fahrg\u00e4ste)<\/p><\/li><li data-start=\"167\" data-end=\"204\"><p data-start=\"169\" data-end=\"204\"><strong data-start=\"169\" data-end=\"181\">Minivans<\/strong> (bis zu 8 Fahrg\u00e4ste)<\/p><\/li><li data-start=\"205\" data-end=\"242\"><p data-start=\"207\" data-end=\"242\"><strong data-start=\"207\" data-end=\"220\">Minibusse<\/strong> (bis zu 16 Fahrg\u00e4ste)<\/p><\/li><\/ul><p data-start=\"244\" data-end=\"471\">Alle Fahrzeuge sind <strong data-start=\"264\" data-end=\"327\">modern, klimatisiert, versichert und professionell gewartet<\/strong>.<br data-start=\"328\" data-end=\"331\" \/>F\u00fcr jeden Gast steht <strong data-start=\"352\" data-end=\"378\">ausreichend Gep\u00e4ckraum<\/strong> zur Verf\u00fcgung. Wenn Sie <strong data-start=\"403\" data-end=\"430\">besondere Anforderungen<\/strong> haben, teilen Sie uns diese einfach mit.<\/p><\/p><\/div><\/div><\/div><div class=\"accordion-card  style2\"><div class=\"accordion-header\" id=\"collapse-item-69ea45503e6a4\"><button class=\"accordion-button collapsed\" type=\"button\" data-bs-toggle=\"collapse\" data-bs-target=\"#collapse-69ea45503e6a4\" aria-expanded=\"false\" aria-controls=\"collapse-69ea45503e6a4\">Stellen Sie Baby- oder Kindersitze zur Verf\u00fcgung?<\/button><\/div><div id=\"collapse-69ea45503e6a4\" class=\"accordion-collapse collapse \" aria-labelledby=\"collapse-item-69ea45503e6a4\" data-bs-parent=\"#faqAccordion1\"><div class=\"accordion-body style2\"><p class=\"faq-text\"><p><strong data-start=\"88\" data-end=\"187\">Ja. Baby- und Kindersitze sowie Sitzerh\u00f6hungen stellen wir auf Anfrage kostenlos zur Verf\u00fcgung.<\/strong><br data-start=\"187\" data-end=\"190\" \/>Bitte geben Sie diesen Wunsch <strong data-start=\"220\" data-end=\"247\">bereits bei der Buchung<\/strong> an.<\/p><\/p><\/div><\/div><\/div><div class=\"accordion-card  style2\"><div class=\"accordion-header\" id=\"collapse-item-69ea45503e6f6\"><button class=\"accordion-button collapsed\" type=\"button\" data-bs-toggle=\"collapse\" data-bs-target=\"#collapse-69ea45503e6f6\" aria-expanded=\"false\" aria-controls=\"collapse-69ea45503e6f6\">Sind Sie rund um die Uhr (24\/7) im Einsatz?<\/button><\/div><div id=\"collapse-69ea45503e6f6\" class=\"accordion-collapse collapse \" aria-labelledby=\"collapse-item-69ea45503e6f6\" data-bs-parent=\"#faqAccordion1\"><div class=\"accordion-body style2\"><p class=\"faq-text\"><p>Ja. Wir sind vom 01.05. bis zum 15.10. rund um die Uhr im Einsatz \u2013 24 Stunden am Tag, 7 Tage die Woche, einschlie\u00dflich N\u00e4chten, Wochenenden und Feiertagen.<\/p><\/p><\/div><\/div><\/div><div class=\"accordion-card  style2\"><div class=\"accordion-header\" id=\"collapse-item-69ea45503e714\"><button class=\"accordion-button collapsed\" type=\"button\" data-bs-toggle=\"collapse\" data-bs-target=\"#collapse-69ea45503e714\" aria-expanded=\"false\" aria-controls=\"collapse-69ea45503e714\">Bieten Sie private Touren oder Sightseeing-Ausfl\u00fcge an?<\/button><\/div><div id=\"collapse-69ea45503e714\" class=\"accordion-collapse collapse \" aria-labelledby=\"collapse-item-69ea45503e714\" data-bs-parent=\"#faqAccordion1\"><div class=\"accordion-body style2\"><p class=\"faq-text\"><p><strong data-start=\"88\" data-end=\"157\">Ja! Wir bieten individuelle private Touren in ganz Halkidiki an.<\/strong><br data-start=\"157\" data-end=\"160\" \/>Sie w\u00e4hlen die <strong data-start=\"175\" data-end=\"189\">Reiseziele<\/strong>, und wir erstellen eine <strong data-start=\"214\" data-end=\"260\">ma\u00dfgeschneiderte Route mit privatem Fahrer<\/strong> \u2013 ganz nach Ihren W\u00fcnschen.<\/p><\/p><\/div><\/div><\/div><\/div>\t\t\t\t<\/div>\n\t\t\t\t<\/div>\n\t\t\t\t\t<\/div>\n\t\t\t\t<\/div>\n\t\t\t\t<\/div>\n\t\t\t\t<\/div>\n\t\t","protected":false},"excerpt":{"rendered":"<p>Haben Sie Fragen zu halkidikitransfers.de? Wir sind gerne f\u00fcr Sie da! Welche Reiseziele in Chalkidiki bedienen wir? Wir bieten Transfers zu allen wichtigen Reisezielen in Chalkidiki, darunter Kassandra, Sithonia und die Region rund um den Berg Athos, sowie zu beliebten Resorts, Hotels, Villen und privaten Unterk\u00fcnften in der gesamten Region. Wie kann ich einen Transfer&#8230;<\/p>\n","protected":false},"author":1,"featured_media":7437,"parent":0,"menu_order":0,"comment_status":"closed","ping_status":"closed","template":"template-builder.php","meta":{"_seopress_robots_primary_cat":"","_seopress_titles_title":"FAQ | Transfers Thessaloniki Flughafen \u2013 Halkidiki","_seopress_titles_desc":"Antworten auf h\u00e4ufige Fragen zu privaten und gemeinsamen Transfers vom Flughafen Thessaloniki nach Halkidiki. Preise, Buchung, Stornierung & Abholung einfach erkl\u00e4rt.","_seopress_robots_index":"","footnotes":""},"class_list":["post-7351","page","type-page","status-publish","has-post-thumbnail","hentry"],"_links":{"self":[{"href":"https:\/\/halkidikitransfers.de\/de\/wp-json\/wp\/v2\/pages\/7351","targetHints":{"allow":["GET"]}}],"collection":[{"href":"https:\/\/halkidikitransfers.de\/de\/wp-json\/wp\/v2\/pages"}],"about":[{"href":"https:\/\/halkidikitransfers.de\/de\/wp-json\/wp\/v2\/types\/page"}],"author":[{"embeddable":true,"href":"https:\/\/halkidikitransfers.de\/de\/wp-json\/wp\/v2\/users\/1"}],"replies":[{"embeddable":true,"href":"https:\/\/halkidikitransfers.de\/de\/wp-json\/wp\/v2\/comments?post=7351"}],"version-history":[{"count":48,"href":"https:\/\/halkidikitransfers.de\/de\/wp-json\/wp\/v2\/pages\/7351\/revisions"}],"predecessor-version":[{"id":8632,"href":"https:\/\/halkidikitransfers.de\/de\/wp-json\/wp\/v2\/pages\/7351\/revisions\/8632"}],"wp:featuredmedia":[{"embeddable":true,"href":"https:\/\/halkidikitransfers.de\/de\/wp-json\/wp\/v2\/media\/7437"}],"wp:attachment":[{"href":"https:\/\/halkidikitransfers.de\/de\/wp-json\/wp\/v2\/media?parent=7351"}],"curies":[{"name":"wp","href":"https:\/\/api.w.org\/{rel}","templated":true}]}}