{"id":7291,"date":"2024-07-08T06:10:47","date_gmt":"2024-07-08T04:10:47","guid":{"rendered":"https:\/\/halkidikitransfers.rodosinfo.gr\/halkidiki-transfers\/"},"modified":"2026-02-19T21:38:38","modified_gmt":"2026-02-19T21:38:38","slug":"dienstleistungen-halkidiki-transfers","status":"publish","type":"page","link":"https:\/\/halkidikitransfers.de\/de\/dienstleistungen-halkidiki-transfers\/","title":{"rendered":"Unsere Dienstleistungen"},"content":{"rendered":"\t\t<div data-elementor-type=\"wp-page\" data-elementor-id=\"7291\" class=\"elementor elementor-7291 elementor-1372\">\n\t\t\t\t\r\n<div class=\"elementor-element elementor-element-ea9c2bb e-con-full e-flex e-con e-parent\" data-id=\"ea9c2bb\" data-element_type=\"container\" data-e-type=\"container\" data-settings=\"{&quot;background_background&quot;:&quot;classic&quot;}\">\n\t\t<div class=\"elementor-element elementor-element-df74c8e e-flex e-con-boxed e-con e-child\" data-id=\"df74c8e\" data-element_type=\"container\" data-e-type=\"container\">\n\t\t\t\t\t<div class=\"e-con-inner\">\n\t\t\t\t<div class=\"elementor-element elementor-element-7c96dc9 elementor-widget elementor-widget-tourmsectiontitle\" data-id=\"7c96dc9\" data-element_type=\"widget\" data-e-type=\"widget\" data-widget_type=\"tourmsectiontitle.default\">\n\t\t\t\t<div class=\"elementor-widget-container\">\n\t\t\t\t\t\t\t<div class=\"title-area text-center \">\r\n\t\t\t<h2 class=\"sec-title \">Zuverl\u00e4ssige Transfers &amp; private Touren in ganz Halkidiki<\/h2><p class=\"tour-text\">Bei halkidikitransfers.de sind wir auf hochwertige Transportservices spezialisiert, die auf Komfort, Sicherheit und Flexibilit\u00e4t ausgelegt sind.<\/p>\t\t<\/div>\r\n\r\n\t\t\t\t\t<\/div>\n\t\t\t\t<\/div>\n\t\t\t\t\t<\/div>\n\t\t\t\t<\/div>\n\t\t\t\t<\/div>\n\t\t<div class=\"elementor-element elementor-element-37a0d37 e-con-full e-flex e-con e-parent\" data-id=\"37a0d37\" data-element_type=\"container\" data-e-type=\"container\">\n\t\t\t\t<div class=\"elementor-element elementor-element-c1a2760 elementor-widget elementor-widget-tourmdestinations\" data-id=\"c1a2760\" data-element_type=\"widget\" data-e-type=\"widget\" data-widget_type=\"tourmdestinations.default\">\n\t\t\t\t<div class=\"elementor-widget-container\">\n\t\t\t\t\t<div class=\"row gy-4 gx-4\"><div class=\"col-xl-3 col-lg-4 col-md-6\"><div class=\"destination-item th-ani\"><div class=\"destination-item_img global-img\"><img decoding=\"async\" src=\"https:\/\/halkidikitransfers.rodosinfo.gr\/wp-content\/uploads\/2026\/02\/thessaloniki-transfers-halkidiki.jpg\" alt=\"thessaloniki transfers halkidiki\"  \/><\/div><div class=\"destination-content\"><h3 class=\"box-title title\"><a href=\"https:\/\/transfers.bookingplan.eu\/carweb\/halkidiki-transfers.html\">Transfers vom Flughafen Thessaloniki (SKG)<\/a><\/h3><p class=\"destination-text trip_count\">Wir bieten private, im Voraus buchbare Flughafentransfers rund um die Uhr an. Unsere Fahrer erwarten Sie im Ankunftsbereich, helfen Ihnen mit Ihrem Gep\u00e4ck und bringen Sie direkt zu Ihrem Hotel, Ihrer Villa oder Ihrer Airbnb-Unterkunft. Vermeiden Sie lange Warteschlangen und genie\u00dfen Sie eine stressfreie An- oder Abreise.<\/p><a href=\"https:\/\/transfers.bookingplan.eu\/carweb\/halkidiki-transfers.html\" class=\"th-btn style4 th-icon\">Flughafentransfer anfragen<\/a><\/div><\/div><\/div><div class=\"col-xl-3 col-lg-4 col-md-6\"><div class=\"destination-item th-ani\"><div class=\"destination-item_img global-img\"><img decoding=\"async\" src=\"https:\/\/halkidikitransfers.rodosinfo.gr\/wp-content\/uploads\/2026\/02\/private-transfer-luggage-assistance.jpg\" alt=\"private transfer luggage assistance\"  \/><\/div><div class=\"destination-content\"><h3 class=\"box-title title\"><a href=\"https:\/\/transfers.bookingplan.eu\/carweb\/halkidiki-transfers.html\">Transfers zu Hotels, Villen &amp; Airbnb-Unterk\u00fcnften<\/a><\/h3><p class=\"destination-text trip_count\">Wir bieten komfortable T\u00fcr-zu-T\u00fcr-Transfers zwischen Ihrer Unterkunft und jedem Ziel in Chalkidiki.\nEgal, ob Sie in Sithonia, Kassandra oder auf der Athos-Halbinsel \u00fcbernachten \u2013 wir sorgen f\u00fcr eine reibungslose, private und entspannte Fahrt f\u00fcr Sie und Ihre Gruppe.<\/p><a href=\"https:\/\/transfers.bookingplan.eu\/carweb\/halkidiki-transfers.html\" class=\"th-btn style4 th-icon\">Transfer anfragen<\/a><\/div><\/div><\/div><div class=\"col-xl-3 col-lg-4 col-md-6\"><div class=\"destination-item th-ani\"><div class=\"destination-item_img global-img\"><img decoding=\"async\" src=\"https:\/\/halkidikitransfers.rodosinfo.gr\/wp-content\/uploads\/2026\/02\/thessaloniki.jpg\" alt=\"thessaloniki\"  \/><\/div><div class=\"destination-content\"><h3 class=\"box-title title\"><a href=\"https:\/\/transfers.bookingplan.eu\/carweb\/halkidiki-transfers.html\">Transfers in Thessaloniki Zentrum, Hafen, Bus- &amp; Bahnhof<\/a><\/h3><p class=\"destination-text trip_count\">ir bieten zuverl\u00e4ssige und komfortable Transfers vom und zum Zentrum von Thessaloniki, zum Hafen, zum Busbahnhof und zum Bahnhof.\nUnsere professionellen Fahrer sorgen f\u00fcr p\u00fcnktliche Abholungen, angenehme Fahrten und einen bequemen T\u00fcr-zu-T\u00fcr-Service, damit Ihre Ankunft oder Abreise in Thessaloniki einfach und stressfrei verl\u00e4uft.<\/p><a href=\"https:\/\/transfers.bookingplan.eu\/carweb\/halkidiki-transfers.html\" class=\"th-btn style4 th-icon\">Transfer Anfragen<\/a><\/div><\/div><\/div><div class=\"col-xl-3 col-lg-4 col-md-6\"><div class=\"destination-item th-ani\"><div class=\"destination-item_img global-img\"><img decoding=\"async\" src=\"https:\/\/halkidikitransfers.rodosinfo.gr\/wp-content\/uploads\/2026\/02\/luxury-group-transfer-minibus-halkidiki.jpg\" alt=\"luxury group transfer minibus halkidiki\"  \/><\/div><div class=\"destination-content\"><h3 class=\"box-title title\"><a href=\"https:\/\/tours.bookingplan.eu\/book\/halkidiki-tour-and-transfers.html\">Private Touren &amp; Sightseeing-Ausfl\u00fcge in Thessaloniki und Chalkidiki<\/a><\/h3><p class=\"destination-text trip_count\">Entdecken Sie die Sch\u00f6nheit von Chalkidiki oder Thessaloniki in Ihrem eigenen Tempo mit unseren ma\u00dfgeschneiderten privaten Touren.\nBesuchen Sie ikonische Sehensw\u00fcrdigkeiten und traumhafte Str\u00e4nde bequem mit Ihrem pers\u00f6nlichen Fahrer.<\/p><a href=\"https:\/\/tours.bookingplan.eu\/book\/halkidiki-tour-and-transfers.html\" class=\"th-btn style4 th-icon\">Transfer Anfragen<\/a><\/div><\/div><\/div><div class=\"col-xl-3 col-lg-4 col-md-6\"><div class=\"destination-item th-ani\"><div class=\"destination-item_img global-img\"><img decoding=\"async\" src=\"https:\/\/halkidikitransfers.rodosinfo.gr\/wp-content\/uploads\/2026\/02\/halkidiki-transfer-van-branding.jpg\" alt=\"halkidiki transfer van branding\"  \/><\/div><div class=\"destination-content\"><h3 class=\"box-title title\"><a href=\"https:\/\/halkidikitransfers.rodosinfo.gr\/de\/kontakt-halkidiki-transfers\/\">Gruppentransfers &amp; Event-Transport in Chalkidiki und Thessaloniki<\/a><\/h3><p class=\"destination-text trip_count\">Gruppentransfers in Chalkidiki, Minibus-Service in Chalkidiki und Hochzeits-Transport in Chalkidiki.\nPlanen Sie eine Hochzeit, ein Gesch\u00e4ftstreffen oder einen Familienausflug? Wir bieten Gruppentransporte mit Minibussen und Kleinbussen f\u00fcr bis zu 16 Personen, komfortabel, zuverl\u00e4ssig und p\u00fcnktlich.<\/p><a href=\"https:\/\/halkidikitransfers.rodosinfo.gr\/de\/kontakt-halkidiki-transfers\/\" class=\"th-btn style4 th-icon\">Kontaktieren Sie uns<\/a><\/div><\/div><\/div><div class=\"col-xl-3 col-lg-4 col-md-6\"><div class=\"destination-item th-ani\"><div class=\"destination-item_img global-img\"><img decoding=\"async\" src=\"https:\/\/halkidikitransfers.rodosinfo.gr\/wp-content\/uploads\/2026\/02\/halkidiki-transfers-logo-van.jpg\" alt=\"halkidiki transfers logo van\"  \/><\/div><div class=\"destination-content\"><h3 class=\"box-title title\"><a href=\"https:\/\/halkidikitransfers.rodosinfo.gr\/de\/kontakt-halkidiki-transfers\/\">Kinderfreundliche Transfers<\/a><\/h3><p class=\"destination-text trip_count\">Wir stellen Kinder- und Sitzerh\u00f6hungen auf Anfrage kostenlos zur Verf\u00fcgung \u2013 f\u00fcr eine sichere und komfortable Fahrt f\u00fcr die ganze Familie.<\/p><a href=\"https:\/\/halkidikitransfers.rodosinfo.gr\/de\/kontakt-halkidiki-transfers\/\" class=\"th-btn style4 th-icon\">Kontaktieren Sie Uns<\/a><\/div><\/div><\/div><div class=\"col-xl-3 col-lg-4 col-md-6\"><div class=\"destination-item th-ani\"><div class=\"destination-item_img global-img\"><img decoding=\"async\" src=\"https:\/\/halkidikitransfers.rodosinfo.gr\/wp-content\/uploads\/2026\/02\/seaside-road-private-transfer-halkidiki.jpg\" alt=\"seaside road private transfer halkidiki\"  \/><\/div><div class=\"destination-content\"><h3 class=\"box-title title\"><a href=\"https:\/\/halkidikitransfers.rodosinfo.gr\/de\/kontakt-halkidiki-transfers\/\">24\/7 Transferservice in Chalkidiki &amp; Thessaloniki<\/a><\/h3><p class=\"destination-text trip_count\">Wir bieten einen 24-Stunden-Transferservice in ganz Chalkidiki und sorgen jederzeit f\u00fcr eine reibungslose und zuverl\u00e4ssige Bef\u00f6rderung \u2013 Tag und Nacht.\nVon sp\u00e4ten Ank\u00fcnften am Flughafen bis zu fr\u00fchen Abreisen am Morgen garantieren unsere professionellen Fahrer und modernen Fahrzeuge eine zuverl\u00e4ssige, komfortable und stressfreie Fahrt, wann immer Sie sie ben\u00f6tigen.<\/p><a href=\"https:\/\/halkidikitransfers.rodosinfo.gr\/de\/kontakt-halkidiki-transfers\/\" class=\"th-btn style4 th-icon\">Kontaktieren Sie Uns<\/a><\/div><\/div><\/div><div class=\"col-xl-3 col-lg-4 col-md-6\"><div class=\"destination-item th-ani\"><div class=\"destination-item_img global-img\"><img decoding=\"async\" src=\"https:\/\/halkidikitransfers.rodosinfo.gr\/wp-content\/uploads\/2026\/02\/professional-chauffeur-airport-pickup.jpg\" alt=\"professional chauffeur airport pickup\"  \/><\/div><div class=\"destination-content\"><h3 class=\"box-title title\"><a href=\"https:\/\/halkidikitransfers.rodosinfo.gr\/de\/kontakt-halkidiki-transfers\/\">Flug\u00fcberwachung<\/a><\/h3><p class=\"destination-text trip_count\">Wir \u00fcberwachen Ihren Flug in Echtzeit und passen die Abholzeit entsprechend an, sodass wir Sie auch bei Versp\u00e4tungen oder einer fr\u00fcheren Ankunft p\u00fcnktlich empfangen.\nWir richten uns nach Ihrer Reiseplanung und bringen Sie sicher, komfortabel und auf dem besten Weg zu Ihrem Ziel \u2013 f\u00fcr eine entspannte und angenehme Fahrt von Anfang bis Ende.<\/p><a href=\"https:\/\/halkidikitransfers.rodosinfo.gr\/de\/kontakt-halkidiki-transfers\/\" class=\"th-btn style4 th-icon\">Kontaktieren Sie Uns<\/a><\/div><\/div><\/div><\/div>\t\t\t\t<\/div>\n\t\t\t\t<\/div>\n\t\t\t\t<\/div>\n\t\t<div class=\"elementor-element elementor-element-9dc280e e-flex e-con-boxed e-con e-parent\" data-id=\"9dc280e\" data-element_type=\"container\" data-e-type=\"container\">\n\t\t\t\t\t<div class=\"e-con-inner\">\n\t\t\t\t\t<\/div>\n\t\t\t\t<\/div>\n\t\t\t\t<\/div>\n\t\t","protected":false},"excerpt":{"rendered":"<p>Zuverl\u00e4ssige Transfers &amp; private Touren in ganz Halkidiki Bei halkidikitransfers.de sind wir auf hochwertige Transportservices spezialisiert, die auf Komfort, Sicherheit und Flexibilit\u00e4t ausgelegt sind. Transfers vom Flughafen Thessaloniki (SKG) Wir bieten private, im Voraus buchbare Flughafentransfers rund um die Uhr an. Unsere Fahrer erwarten Sie im Ankunftsbereich, helfen Ihnen mit Ihrem Gep\u00e4ck und bringen Sie&#8230;<\/p>\n","protected":false},"author":1,"featured_media":8207,"parent":0,"menu_order":0,"comment_status":"closed","ping_status":"closed","template":"template-builder.php","meta":{"_seopress_robots_primary_cat":"","_seopress_titles_title":"Dienstleistungen | Transfers Thessaloniki \u2013 Halkidiki","_seopress_titles_desc":"Entdecken Sie unsere privaten und geteilten Transfers vom Flughafen Thessaloniki nach Halkidiki. Festpreise, moderne Fahrzeuge und zuverl\u00e4ssiger Service.","_seopress_robots_index":"","footnotes":""},"class_list":["post-7291","page","type-page","status-publish","has-post-thumbnail","hentry"],"_links":{"self":[{"href":"https:\/\/halkidikitransfers.de\/de\/wp-json\/wp\/v2\/pages\/7291","targetHints":{"allow":["GET"]}}],"collection":[{"href":"https:\/\/halkidikitransfers.de\/de\/wp-json\/wp\/v2\/pages"}],"about":[{"href":"https:\/\/halkidikitransfers.de\/de\/wp-json\/wp\/v2\/types\/page"}],"author":[{"embeddable":true,"href":"https:\/\/halkidikitransfers.de\/de\/wp-json\/wp\/v2\/users\/1"}],"replies":[{"embeddable":true,"href":"https:\/\/halkidikitransfers.de\/de\/wp-json\/wp\/v2\/comments?post=7291"}],"version-history":[{"count":12,"href":"https:\/\/halkidikitransfers.de\/de\/wp-json\/wp\/v2\/pages\/7291\/revisions"}],"predecessor-version":[{"id":8382,"href":"https:\/\/halkidikitransfers.de\/de\/wp-json\/wp\/v2\/pages\/7291\/revisions\/8382"}],"wp:featuredmedia":[{"embeddable":true,"href":"https:\/\/halkidikitransfers.de\/de\/wp-json\/wp\/v2\/media\/8207"}],"wp:attachment":[{"href":"https:\/\/halkidikitransfers.de\/de\/wp-json\/wp\/v2\/media?parent=7291"}],"curies":[{"name":"wp","href":"https:\/\/api.w.org\/{rel}","templated":true}]}}